{"id":554,"date":"2011-04-20T15:35:56","date_gmt":"2011-04-20T15:35:56","guid":{"rendered":".\/?page_id=554"},"modified":"2011-04-20T15:36:05","modified_gmt":"2011-04-20T15:36:05","slug":"protectie-pesoane-cu-dezabilitati","status":"publish","type":"page","link":"https:\/\/comunagighera.ro\/?page_id=554","title":{"rendered":"Protectie Pesoane cu Dezabilitati"},"content":{"rendered":"<table border=\"0\" cellspacing=\"0\" cellpadding=\"4\" width=\"100%\" align=\"center\">\n<tbody>\n<tr>\n<td colspan=\"2\">Acte necesare pentru :<\/td>\n<\/tr>\n<tr>\n<td colspan=\"2\"><strong><big>\u00b7<\/big><\/strong>\u00a0\u00a0<a href=\"#59\"><strong> CONTINUTUL DOSARULUI PENTRU SERVICII DE ASISTENTA LA DOMICILIU <\/strong><\/a><\/p>\n<hr \/>\n<\/td>\n<\/tr>\n<\/tbody>\n<\/table>\n<p>\u00a0<\/p>\n<table border=\"0\" cellspacing=\"0\" cellpadding=\"4\" width=\"100%\">\n<tbody>\n<tr>\n<td colspan=\"2\">Lista detaliat\u0103 cu acte :<\/td>\n<\/tr>\n<\/tbody>\n<\/table>\n<table border=\"0\" cellspacing=\"0\" cellpadding=\"0\" width=\"99.2%\" align=\"center\" bgcolor=\"#eeeeee\">\n<tbody>\n<tr>\n<td>\n<table border=\"2\" cellspacing=\"6\" cellpadding=\"0\" width=\"100%\">\n<tbody>\n<tr>\n<td align=\"left\"><a name=\"59\"><\/a><strong><strong>CONTINUTUL DOSARULUI PENTRU SERVICII DE ASISTENTA LA DOMICILIU <\/strong><\/strong><\/td>\n<\/tr>\n<tr>\n<td><span>\u2022 <a href=\".\/pdf\/Formulare\/tipizate\/pdf121.pdf\">Cerere tip<\/a>;<br \/>\n\u2022 <a href=\".\/pdf\/Formulare\/tipizate\/pdf209.pdf\">Declara\u0163ie tip<\/a>,<br \/>\n\u2022 Adeverin\u0163a medical\u0103 de la medicul de familie care s\u0103 specifice bolile cronice din eviden\u0163\u0103 \u015fi c\u0103 nu sufer\u0103 de boli transmisibile;<br \/>\n\u2022 Actul de identitate \u00een original \u015fi copie a persoanei care solicit\u0103 servicii;<br \/>\n\u2022 Certificatul de na\u015ftere \u00een original \u015fi copie a persoanei care solicit\u0103 servicii;<br \/>\n\u2022 Certificatul de deces sau sentin\u0163a de divor\u0163 \u00een original \u015fi copie pentru so\u0163ul (so\u0163ia) persoanei \u00een cauz\u0103;<br \/>\n\u2022 Acte doveditoare de venituri (cupon de pensie, adeverin\u0163\u0103 de la Administra\u0163ia financiar\u0103, Direc\u0163ia fiscal\u0103 \u2013 Prim\u0103rie <\/span><span>\u015fi Serviciul agricol \u2013 Prim\u0103rie);<br \/>\n\u2022 Acte doveditoare de venit, acte medicale, etc<br \/>\n\u2022 Grila de evaluare a nevoilor persoanelor v\u00e2rstnice (conform HGR 886\/2000) \u00eentocmit\u0103 de echipa pluridisciplinar\u0103;<br \/>\n\u2022 Referat,<br \/>\n\u2022 Dispozi\u0163ie,<br \/>\n\u2022 Contract,<br \/>\n<\/span><\/td>\n<\/tr>\n<tr>\n<td align=\"right\"><a href=\"#\">Sus<\/a><\/td>\n<\/tr>\n<\/tbody>\n<\/table>\n<\/td>\n<\/tr>\n<\/tbody>\n<\/table>\n<p style=\"text-align: center;\"><span>[ <a title=\"Acte necesare\" href=\".\/?page_id=420\">index Acte Necesare<\/a> ]<\/span><\/p>\n","protected":false},"excerpt":{"rendered":"<p>Acte necesare pentru : \u00b7\u00a0\u00a0 CONTINUTUL DOSARULUI PENTRU SERVICII DE ASISTENTA LA DOMICILIU \u00a0 Lista detaliat\u0103 cu acte : CONTINUTUL DOSARULUI PENTRU SERVICII DE ASISTENTA LA DOMICILIU \u2022 Cerere tip; \u2022 Declara\u0163ie tip, \u2022 Adeverin\u0163a medical\u0103 de la medicul de familie care s\u0103 specifice bolile cronice din eviden\u0163\u0103 \u015fi c\u0103 nu sufer\u0103 de boli transmisibile; &hellip; <a href=\"https:\/\/comunagighera.ro\/?page_id=554\" class=\"more-link\">Continue reading <span class=\"screen-reader-text\">Protectie Pesoane cu Dezabilitati<\/span> <span class=\"meta-nav\">&rarr;<\/span><\/a><\/p>\n","protected":false},"author":2,"featured_media":0,"parent":420,"menu_order":0,"comment_status":"closed","ping_status":"closed","template":"","meta":{"footnotes":""},"class_list":["post-554","page","type-page","status-publish","hentry"],"_links":{"self":[{"href":"https:\/\/comunagighera.ro\/index.php?rest_route=\/wp\/v2\/pages\/554","targetHints":{"allow":["GET"]}}],"collection":[{"href":"https:\/\/comunagighera.ro\/index.php?rest_route=\/wp\/v2\/pages"}],"about":[{"href":"https:\/\/comunagighera.ro\/index.php?rest_route=\/wp\/v2\/types\/page"}],"author":[{"embeddable":true,"href":"https:\/\/comunagighera.ro\/index.php?rest_route=\/wp\/v2\/users\/2"}],"replies":[{"embeddable":true,"href":"https:\/\/comunagighera.ro\/index.php?rest_route=%2Fwp%2Fv2%2Fcomments&post=554"}],"version-history":[{"count":2,"href":"https:\/\/comunagighera.ro\/index.php?rest_route=\/wp\/v2\/pages\/554\/revisions"}],"predecessor-version":[{"id":556,"href":"https:\/\/comunagighera.ro\/index.php?rest_route=\/wp\/v2\/pages\/554\/revisions\/556"}],"up":[{"embeddable":true,"href":"https:\/\/comunagighera.ro\/index.php?rest_route=\/wp\/v2\/pages\/420"}],"wp:attachment":[{"href":"https:\/\/comunagighera.ro\/index.php?rest_route=%2Fwp%2Fv2%2Fmedia&parent=554"}],"curies":[{"name":"wp","href":"https:\/\/api.w.org\/{rel}","templated":true}]}}