{"id":392,"date":"2011-04-07T08:20:20","date_gmt":"2011-04-07T08:20:20","guid":{"rendered":"http:\/\/.\/?page_id=392"},"modified":"2026-04-16T05:29:49","modified_gmt":"2026-04-16T05:29:49","slug":"pagina-principala","status":"publish","type":"page","link":"https:\/\/comunagighera.ro\/","title":{"rendered":"Pagina principala"},"content":{"rendered":"<table border=\"0\" width=\"100%\" cellspacing=\"0\" cellpadding=\"0\">\n<tbody>\n<tr>\n<td width=\"39%\"><strong>Adresa: <\/strong><\/td>\n<td width=\"61%\">Comuna Gighera, str. Principal\u0103 nr.\u00a0\u00a0184<\/td>\n<\/tr>\n<tr>\n<td><strong>Localitatea: <\/strong><\/td>\n<td>Gighera<\/td>\n<\/tr>\n<tr>\n<td><strong>Judet: <\/strong><\/td>\n<td>Dolj<\/td>\n<\/tr>\n<tr>\n<td><strong>Tara<\/strong><strong>:<\/strong><\/td>\n<td>Romania<\/td>\n<\/tr>\n<tr>\n<td><strong>Cod postal: <\/strong><\/td>\n<td>207285<\/td>\n<\/tr>\n<tr>\n<td><strong>Telefon:<\/strong><\/td>\n<td>0251-353011<\/td>\n<\/tr>\n<tr>\n<td><strong>Fax: <\/strong><\/td>\n<td>0251-353011<\/td>\n<\/tr>\n<tr>\n<td><strong>URL: <\/strong><\/td>\n<td>\u00a0<a href=\"https:\/\/comunagighera.ro\/\">https:\/\/comunagighera.ro\/<\/a><\/td>\n<\/tr>\n<tr>\n<td><strong>Adresa de e-mail: <\/strong><\/td>\n<td><a href=\"mailto:gighera@cjdolj.ro\">gighera@cjdolj.ro<\/a><\/td>\n<\/tr>\n<\/tbody>\n<\/table>\n<p>&nbsp;<\/p>\n<p><a href=\"https:\/\/comunagighera.ro\/wp-content\/uploads\/2026\/04\/Cerere-asistenta-sociala-2026.pdf\">CERERE &#8211; DECLARATIE PE PROPRIE RASPUNDERE PENTRU ACORDAREA UNOR DREPTURI DE ASISTENTA SOCIALA<\/a><\/p>\n<p><a href=\"https:\/\/comunagighera.ro\/wp-content\/uploads\/2026\/03\/Cerere-VMI-2026.docx\">Cerere-VMI 2026<\/a><\/p>\n\n<p>17.02.2026 <a href=\"https:\/\/comunagighera.ro\/wp-content\/uploads\/2026\/02\/Masuri-auxiliare-proiect-asigurare-alimente-de-baza-mese-calde.pdf\">Masuri auxiliare proiect asigurare alimente de baza mese calde<\/a><\/p>\n<p><a href=\"https:\/\/comunagighera.ro\/wp-content\/uploads\/2026\/02\/COMUNICAT.pdf\">12.02.2026 COMUNICAT<\/a><\/p>\n<p><a href=\"https:\/\/comunagighera.ro\/wp-content\/uploads\/2025\/08\/afis-aug35-nemodificat.jpg\"><img loading=\"lazy\" decoding=\"async\" class=\"alignleft size-thumbnail wp-image-2042\" src=\"https:\/\/comunagighera.ro\/wp-content\/uploads\/2025\/08\/afis-aug35-nemodificat-150x150.jpg\" alt=\"\" width=\"150\" height=\"150\" \/><\/a> <a href=\"https:\/\/comunagighera.ro\/wp-content\/uploads\/2025\/08\/flyer-14.08.png\"><img loading=\"lazy\" decoding=\"async\" class=\"alignleft size-thumbnail wp-image-2043\" src=\"https:\/\/comunagighera.ro\/wp-content\/uploads\/2025\/08\/flyer-14.08-150x150.png\" alt=\"\" width=\"150\" height=\"150\" \/><\/a><\/p>\n<p>&nbsp;<\/p>\n<p>&nbsp;<\/p>\n<p>&nbsp;<\/p>\n<p>&nbsp;<\/p>\n<p>21.05.2025 <a href=\"https:\/\/comunagighera.ro\/wp-content\/uploads\/2025\/05\/TRISTAN-21.05.pdf\">INSTIINTARE APLICARE INSECTICIDE<\/a><\/p>\n<p>21.02.2024 <a href=\"https:\/\/comunagighera.ro\/wp-content\/uploads\/2024\/02\/Informare-privind-verificarea-alegatorilor-inscrisi-in-Registrul-Electoral.pdf\">Informare privind verificarea alegatorilor inscrisi in Registrul Electoral<\/a><\/p>\n<p><a href=\".\/wp-content\/uploads\/2023\/02\/informare-SGR.pdf\">INFORMARE PRIVIND SISTEMUL DE GARANTIE-RETURNARE PENTRU AMBALAJELE PRIMARE NEREUTILIZABILE<\/a><\/p>\n\n\n<figure class=\"wp-block-image size-large\"><img decoding=\"async\" src=\"http:\/\/www.comunagaliciuica.ro\/wp-content\/uploads\/2023\/02\/RetuRO_inregistrare_baza_date_SGR-1024x576.png\" alt=\"\" class=\"wp-image-1223\"\/><figcaption class=\"wp-element-caption\"><strong><a href=\".\/wp-content\/uploads\/2023\/02\/inregistrare-SGR.pdf\">Produc\u0103torii \u0219i comercian\u021bii de b\u0103uturi trebuie s\u0103 se \u00eenregistreze \u00een baza de date a Sistemului de Garan\u021bie-Returnare (SGR) p\u00e2n\u0103 pe 28 februarie<\/a><\/strong><\/figcaption><\/figure>\n\n\n<p>ANUN\u021a DE INTERES PUBLIC<\/p>\n<p>Conform H.G. 714 \/ 2022 privind aprobarea Criteriilor pentru autorizarea, construc\u021bia, \u00eenscrierea, controlul, exploatarea \u0219i \u00eentre\u021binerea sistemelor individuale adecvate de colectare \u0219i epurare a apelor uzate, v\u0103 inform\u0103m c\u0103 la nivelul UAT GIGHERA s-a constituit REGISTRUL DE EVIDEN\u021a\u0102 A SISTEMELOR INDIVIDUALE ADECVATE DE COLECTARE SI EPURARE A APELOR UZATE.<br \/>Proprietarul spa\u021biilor conectate la sistemul individual adecvat de epurare are obliga\u021bia s\u0103 \u00eenscrie sistemul de epurare \u00een registrul autorit\u0103\u021bii publice locale pentru eviden\u021ba unor astfel de sisteme la sediul prim\u0103riei, \u2013 Serviciul de utilit\u0103\u021bi de ap\u0103.<\/p>\n<p><a href=\"https:\/\/comunagighera.ro\/wp-content\/uploads\/2022\/03\/flayer-deseuri.pdf\">CUM COLECTAM CORECT DESEURILE<\/a><\/p>\n<p><a href=\"https:\/\/comunagighera.ro\/wp-content\/uploads\/2024\/12\/gighera.pdf\" target=\"_blank\" rel=\"noopener\">Situatia trasabilitatii deseurilor colectate si depozitate\/ reciclate\/ valorificate pentru UAT  Gighera<\/a><\/p>\n<p><!-- \n\n\n\n\n\n\n\n\n\n\n\n\n\n<p><a href=\"https:\/\/www.iridexsalubrizare.ro\/calendar\/GIGHERA-jud.-DOLJ\">CALENDARUL DE RIDICARE A DESEURILOR PE ANUL 2022<\/a><\/p>\n\n\n\n\n\n\n\n\n\n\n\n\n\n --><\/p>","protected":false},"excerpt":{"rendered":"<p>Adresa: Comuna Gighera, str. Principal\u0103 nr.\u00a0\u00a0184 Localitatea: Gighera Judet: Dolj Tara: Romania Cod postal: 207285 Telefon: 0251-353011 Fax: 0251-353011 URL: \u00a0https:\/\/comunagighera.ro\/ Adresa de e-mail: gighera@cjdolj.ro &nbsp; CERERE &#8211; DECLARATIE PE PROPRIE RASPUNDERE PENTRU ACORDAREA UNOR DREPTURI DE ASISTENTA SOCIALA Cerere-VMI 2026 17.02.2026 Masuri auxiliare proiect asigurare alimente de baza mese calde 12.02.2026 COMUNICAT &nbsp; &nbsp; &hellip; <a href=\"https:\/\/comunagighera.ro\/\" class=\"more-link\">Continue reading <span class=\"screen-reader-text\">Pagina principala<\/span> <span class=\"meta-nav\">&rarr;<\/span><\/a><\/p>\n","protected":false},"author":2,"featured_media":0,"parent":0,"menu_order":0,"comment_status":"closed","ping_status":"closed","template":"","meta":{"footnotes":""},"class_list":["post-392","page","type-page","status-publish","hentry"],"_links":{"self":[{"href":"https:\/\/comunagighera.ro\/index.php?rest_route=\/wp\/v2\/pages\/392","targetHints":{"allow":["GET"]}}],"collection":[{"href":"https:\/\/comunagighera.ro\/index.php?rest_route=\/wp\/v2\/pages"}],"about":[{"href":"https:\/\/comunagighera.ro\/index.php?rest_route=\/wp\/v2\/types\/page"}],"author":[{"embeddable":true,"href":"https:\/\/comunagighera.ro\/index.php?rest_route=\/wp\/v2\/users\/2"}],"replies":[{"embeddable":true,"href":"https:\/\/comunagighera.ro\/index.php?rest_route=%2Fwp%2Fv2%2Fcomments&post=392"}],"version-history":[{"count":23,"href":"https:\/\/comunagighera.ro\/index.php?rest_route=\/wp\/v2\/pages\/392\/revisions"}],"predecessor-version":[{"id":2139,"href":"https:\/\/comunagighera.ro\/index.php?rest_route=\/wp\/v2\/pages\/392\/revisions\/2139"}],"wp:attachment":[{"href":"https:\/\/comunagighera.ro\/index.php?rest_route=%2Fwp%2Fv2%2Fmedia&parent=392"}],"curies":[{"name":"wp","href":"https:\/\/api.w.org\/{rel}","templated":true}]}}