{"id":2,"date":"2011-03-29T14:26:21","date_gmt":"2011-03-29T14:26:21","guid":{"rendered":"http:\/\/.\/?page_id=2"},"modified":"2025-02-27T08:43:57","modified_gmt":"2025-02-27T08:43:57","slug":"sample-page","status":"publish","type":"page","link":"https:\/\/comunagighera.ro\/?page_id=2","title":{"rendered":"Asezarea localitatii"},"content":{"rendered":"<p>Localitatea se afl\u0103 situat\u0103 \u00een partea de sud a jude\u0163ului Dolj, la confluen\u0163a Jiului cu Dun\u0103rea, pe DN 55A Calafat-Bechet<br \/>\n65 km fa\u0163\u0103 de municipiul Craiova<br \/>\n40 km fa\u0163\u0103 de ora\u015ful Segarcea<br \/>\n10 km fa\u0163\u0103 de ora\u015ful Bechet<\/p>\n\n<p>\n<!-- iframe plugin v.6.0 wordpress.org\/plugins\/iframe\/ -->\n<iframe loading=\"lazy\" width=\"425\" height=\"350\" frameborder=\"0\" scrolling=\"no\" marginheight=\"0\" marginwidth=\"0\" src=\"https:\/\/maps.google.ro\/maps?hl=ro&#038;q=gighera+dolj&#038;ie=UTF8&#038;hq=&#038;hnear=Gighera,+Dolj&#038;gl=ro&#038;ll=43.85,23.8&#038;spn=0.057812,0.119305&#038;z=13&#038;output=embed\" class=\"iframe-class\"><\/iframe>\n\n<br \/><small><a href=\"http:\/\/maps.google.ro\/maps?hl=ro&amp;q=gighera+dolj&amp;ie=UTF8&amp;hq=&amp;hnear=Gighera,+Dolj&amp;gl=ro&amp;ll=43.85,23.8&amp;spn=0.057812,0.119305&amp;z=13&amp;source=embed\" style=\"color:#0000FF;text-align:left\">Vizualizare hart\u0103 m\u0103rit\u0103<\/a><\/small><\/p>\n<p>Coordonatele geografice Gighera:<\/p>\n<p>43.85 latitudine nordica<br \/>\n23.80\u00a0longitudine estica<\/p>\n\n\n<p>\/p>\n","protected":false},"excerpt":{"rendered":"<p>Localitatea se afl\u0103 situat\u0103 \u00een partea de sud a jude\u0163ului Dolj, la confluen\u0163a Jiului cu Dun\u0103rea, pe DN 55A Calafat-Bechet 65 km fa\u0163\u0103 de municipiul Craiova 40 km fa\u0163\u0103 de ora\u015ful Segarcea 10 km fa\u0163\u0103 de ora\u015ful Bechet Vizualizare hart\u0103 m\u0103rit\u0103 Coordonatele geografice Gighera: 43.85 latitudine nordica 23.80\u00a0longitudine estica \/p><\/p>\n","protected":false},"author":2,"featured_media":0,"parent":264,"menu_order":0,"comment_status":"closed","ping_status":"closed","template":"","meta":{"footnotes":""},"class_list":["post-2","page","type-page","status-publish","hentry"],"_links":{"self":[{"href":"https:\/\/comunagighera.ro\/index.php?rest_route=\/wp\/v2\/pages\/2","targetHints":{"allow":["GET"]}}],"collection":[{"href":"https:\/\/comunagighera.ro\/index.php?rest_route=\/wp\/v2\/pages"}],"about":[{"href":"https:\/\/comunagighera.ro\/index.php?rest_route=\/wp\/v2\/types\/page"}],"author":[{"embeddable":true,"href":"https:\/\/comunagighera.ro\/index.php?rest_route=\/wp\/v2\/users\/2"}],"replies":[{"embeddable":true,"href":"https:\/\/comunagighera.ro\/index.php?rest_route=%2Fwp%2Fv2%2Fcomments&post=2"}],"version-history":[{"count":39,"href":"https:\/\/comunagighera.ro\/index.php?rest_route=\/wp\/v2\/pages\/2\/revisions"}],"predecessor-version":[{"id":1975,"href":"https:\/\/comunagighera.ro\/index.php?rest_route=\/wp\/v2\/pages\/2\/revisions\/1975"}],"up":[{"embeddable":true,"href":"https:\/\/comunagighera.ro\/index.php?rest_route=\/wp\/v2\/pages\/264"}],"wp:attachment":[{"href":"https:\/\/comunagighera.ro\/index.php?rest_route=%2Fwp%2Fv2%2Fmedia&parent=2"}],"curies":[{"name":"wp","href":"https:\/\/api.w.org\/{rel}","templated":true}]}}