{"id":193,"date":"2011-04-06T16:58:18","date_gmt":"2011-04-06T16:58:18","guid":{"rendered":"http:\/\/.\/?page_id=193"},"modified":"2026-04-14T05:58:20","modified_gmt":"2026-04-14T05:58:20","slug":"informatii-de-interes-public","status":"publish","type":"page","link":"https:\/\/comunagighera.ro\/?page_id=193","title":{"rendered":"Informatii de interes public, Anunturi"},"content":{"rendered":"<p>2026<\/p>\n<ul>\n<li><a href=\"https:\/\/comunagighera.ro\/wp-content\/uploads\/2026\/04\/Oferta-vanzare-teren-14.04.2026.pdf\">Oferta vanzare teren 14.04.2026<\/a><\/li>\n<li><a href=\"https:\/\/comunagighera.ro\/wp-content\/uploads\/2026\/04\/Oferta-vanzare-teren-31.03.2026.pdf\">Oferta vanzare teren 31.03.2026<\/a><\/li>\n<li><a href=\"https:\/\/comunagighera.ro\/wp-content\/uploads\/2026\/02\/Oferta-vanzare-teren-23.02.2026.pdf\">Oferta vanzare teren 23.02.2026<\/a><\/li>\n<li><a href=\"https:\/\/comunagighera.ro\/wp-content\/uploads\/2026\/02\/ANUNT-COLECTIV-COMUNICARE-PRIN-PUBLICITATE-19.02.2026.pdf\">ANUNT COLECTIV COMUNICARE PRIN PUBLICITATE 19.02.2026<\/a><\/li>\n<li><a href=\"https:\/\/comunagighera.ro\/wp-content\/uploads\/2026\/02\/ANUNT-COMUNICARE-PRIN-PUBLICITATE-17.02.2026.pdf\">ANUNT COMUNICARE PRIN PUBLICITATE 17.02.2026<\/a><\/li>\n<li><a href=\"https:\/\/comunagighera.ro\/wp-content\/uploads\/2026\/02\/Oferta-vanzare-teren-12.02.2026.pdf\">Oferta vanzare teren 12.02.2026<\/a><\/li>\n<li><a href=\"https:\/\/comunagighera.ro\/wp-content\/uploads\/2026\/04\/Oferta-vanzare-teren-20.01.2026.pdf\">Oferta vanzare teren 20..01.2026<\/a><\/li>\n<li><a href=\"https:\/\/comunagighera.ro\/wp-content\/uploads\/2026\/01\/Oferta-vanzare-teren-20.01.2026.pdf\">Oferta vanzare teren 20.01.2026<\/a><\/li>\n<li><a href=\"https:\/\/comunagighera.ro\/wp-content\/uploads\/2026\/01\/Oferta-vanzare-teren-13.01.2026.pdf\">Oferta vanzare teren 13.01.2026<\/a><\/li>\n<\/ul>\n<p>2025<\/p>\n<ul>\n<li><a href=\"https:\/\/comunagighera.ro\/wp-content\/uploads\/2025\/11\/Oferta-vanzare-teren.pdf\">Oferta vanzare teren<\/a><\/li>\n<li><a href=\"https:\/\/comunagighera.ro\/wp-content\/uploads\/2025\/11\/ANUNT-COLECTIV-COMUNICARE-PRIN-PUBLICITATE.pdf\">ANUNT COLECTIV COMUNICARE PRIN PUBLICITATE 26.11.2025<\/a><\/li>\n<li><a href=\"https:\/\/comunagighera.ro\/wp-content\/uploads\/2025\/11\/Oferta-vanzare-teren-18.11.2025.pdf\">Oferta vanzare teren 18.11.2025<\/a><\/li>\n<li><a href=\"https:\/\/comunagighera.ro\/wp-content\/uploads\/2025\/11\/Oferta-vanzare-teren-17.11.2025.pdf\">Oferta vanzare teren 17.11.2025<\/a><\/li>\n<li><a href=\"https:\/\/comunagighera.ro\/wp-content\/uploads\/2025\/11\/Oferta-vanzare-teren-11.11.2025.pdf\">Oferta vanzare teren 11.11.2025<\/a><\/li>\n<li><a href=\"https:\/\/comunagighera.ro\/wp-content\/uploads\/2025\/10\/Oferta-vanzare-teren-31.10.2025.pdf\">Oferta vanzare teren 31.10.2025<\/a><\/li>\n<li><a href=\"https:\/\/comunagighera.ro\/wp-content\/uploads\/2025\/10\/Anunt-individual-pentru-comunicarea-prin-publicitate-07.10.2025.pdf\">Anunt individual pentru comunicarea prin publicitate 07.10.2025<\/a><\/li>\n<li><a href=\"https:\/\/comunagighera.ro\/wp-content\/uploads\/2025\/10\/Oferta-vanzare-teren-25.09.2025.pdf\">Oferta vanzare teren 25.09.2025<\/a><\/li>\n<li><a href=\"https:\/\/comunagighera.ro\/wp-content\/uploads\/2025\/09\/Oferta-vanzare-teren-04.09.2025.pdf\">Oferta vanzare teren 04.09.2025<\/a><\/li>\n<li><a href=\"https:\/\/comunagighera.ro\/wp-content\/uploads\/2025\/07\/ANUNT-COLECTIV-COMUNICARE-PRIN-PUBLICITATE-09.07.2025.pdf\">ANUNT COLECTIV COMUNICARE PRIN PUBLICITATE 09.07.2025<\/a><\/li>\n<li><a href=\"https:\/\/comunagighera.ro\/wp-content\/uploads\/2025\/07\/Oferta-vanzare-teren-30.06.2025.pdf\">Oferta vanzare teren 30.06.2025<\/a><\/li>\n<li><a href=\"https:\/\/comunagighera.ro\/wp-content\/uploads\/2025\/07\/ANUNT-COLECTIV-COMUNICARE-PRIN-PUBLICITATE.pdf\">ANUNT COLECTIV COMUNICARE PRIN PUBLICITATE 03.07.2025<\/a><\/li>\n<li><a href=\"https:\/\/comunagighera.ro\/wp-content\/uploads\/2025\/06\/Anunt-nr.-2706-din-11.06.2026.pdf\">Anunt nr. 2706 din 11.06.2026<\/a><\/li>\n<li><a href=\"https:\/\/comunagighera.ro\/wp-content\/uploads\/2025\/06\/Oferta-vanzare-teren-29.05.2025.pdf\">Oferta vanzare teren 29.05.2025<\/a><\/li>\n<li><a href=\"https:\/\/comunagighera.ro\/wp-content\/uploads\/2025\/05\/Oferta-vanzare-teren-16.05.2025.pdf\">Oferta vanzare teren 16.05.2025<\/a><\/li>\n<li><a href=\"https:\/\/comunagighera.ro\/wp-content\/uploads\/2025\/04\/Oferta-vanzare-teren-11.04.2025.pdf\">Oferta vanzare teren 11.04.2025<\/a><\/li>\n<li><a href=\"https:\/\/comunagighera.ro\/wp-content\/uploads\/2025\/04\/Anunt-nr.-1736-din-09.04.2025-tratamente-la-cultura-de-RAPITA.pdf\">Anunt nr. 1736 din 09.04.2025 &#8211; tratamente la cultura de RAPITA<\/a><\/li>\n<li><a href=\"https:\/\/comunagighera.ro\/wp-content\/uploads\/2025\/04\/Oferta-vanzare-teren-09.04.2025.pdf\">Oferta vanzare teren 09.04.2025<\/a><\/li>\n<li><a href=\"https:\/\/comunagighera.ro\/wp-content\/uploads\/2025\/02\/Oferta-vanzare-teren-24.02.2025.pdf\">Oferta vanzare teren 24.02.2025<\/a><\/li>\n<li><a href=\"https:\/\/comunagighera.ro\/wp-content\/uploads\/2025\/02\/Oferta-vanzare-teren-07.02.2025.pdf\">Oferta vanzare teren 07.02.2025<\/a><\/li>\n<li><a href=\"https:\/\/comunagighera.ro\/wp-content\/uploads\/2025\/01\/Oferta-vanzare-teren-28.01.2025.pdf\">Oferta vanzare teren 28.01.2025<\/a><\/li>\n<li><a href=\"https:\/\/comunagighera.ro\/wp-content\/uploads\/2025\/01\/Oferta-vanzare-teren-20.01.2025.pdf\">Oferta vanzare teren 20.01.2025<\/a><\/li>\n<\/ul>\n<p>2024<\/p>\n<ul>\n<li><a href=\"https:\/\/comunagighera.ro\/wp-content\/uploads\/2024\/12\/Oferta-vanzare-teren-17.12.2024.pdf\">Oferta vanzare teren 17.12.2024<\/a><\/li>\n<li><a href=\"https:\/\/comunagighera.ro\/wp-content\/uploads\/2024\/11\/Oferta-vanzare-teren-18.11.2024.pdf\">Oferta vanzare teren 18.11.2024<\/a><\/li>\n<li><a href=\"https:\/\/comunagighera.ro\/wp-content\/uploads\/2024\/11\/Oferta-vanzare-teren-14.11.2024.pdf\">Oferta vanzare teren 14.11.2024<\/a><\/li>\n<li><a href=\"https:\/\/comunagighera.ro\/wp-content\/uploads\/2024\/11\/ANUNT-INDIVIDUAL-pentru-comunicare-prin-publicitate-nr.10251-din-14.11.2024.pdf\">ANUNT INDIVIDUAL pentru comunicare prin publicitate nr.10251 din 14.11.2024<\/a><\/li>\n<li><a href=\"https:\/\/comunagighera.ro\/wp-content\/uploads\/2024\/11\/Oferta-vanzare-teren-08.11.2024.pdf\">Oferta vanzare teren 08.11.2024<\/a><\/li>\n<li><a href=\"https:\/\/comunagighera.ro\/wp-content\/uploads\/2024\/11\/ANUNT-COLECTIV-COMUNICARE-PRIN-PUBLICIATE-07.11.2024.pdf\">ANUNT COLECTIV COMUNICARE PRIN PUBLICIATE NR. 9956 DIN 07.11.2024<\/a><\/li>\n<li><a href=\"https:\/\/comunagighera.ro\/wp-content\/uploads\/2024\/10\/Anunt-comunicare-prin-publicitate-nr.-9607-din-29.10.2024.pdf\">Anunt comunicare prin publicitate nr. 9607 din 29.10.2024<\/a><\/li>\n<li><a href=\"https:\/\/comunagighera.ro\/wp-content\/uploads\/2024\/10\/ANUNT-INDIVIDUAL-COMUNICARE-PRIN-PUBLICITATE-18.10.2024.pdf\">ANUNT INDIVIDUAL COMUNICARE PRIN PUBLICITATE 18.10.2024<\/a><\/li>\n<li><a href=\"https:\/\/comunagighera.ro\/wp-content\/uploads\/2024\/10\/ANUNT-PRIVIND-VANZAREA-BUNURILOR-IMOBILE-14.10.2024.pdf\">ANUN\u0162 PRIVIND V\u00c2NZAREA BUNURILOR IMOBILE 14.10.2024<\/a><\/li>\n<li><a href=\"https:\/\/comunagighera.ro\/wp-content\/uploads\/2024\/10\/Oferta-vanzare-teren-14.10.2024.pdf\">Oferta vanzare teren 14.10.2024<\/a><\/li>\n<li><a href=\"https:\/\/comunagighera.ro\/wp-content\/uploads\/2024\/10\/Oferta-vanzare-teren-12.09.2024.pdf\">Oferta vanzare teren 12.09.2024<\/a><\/li>\n<li><a href=\"https:\/\/comunagighera.ro\/wp-content\/uploads\/2024\/10\/anunt-colectiv-comunicare-prin-publicitate-16.10.2024.pdf\">Anunt colectiv comunicare prin publicitate 16.10.2024<\/a><\/li>\n<li><a href=\"https:\/\/comunagighera.ro\/wp-content\/uploads\/2024\/10\/Oferta-vanzare-teren-27.09.2024.pdf\">Oferta vanzare teren 27.09.2024<\/a><\/li>\n<li><a href=\"https:\/\/comunagighera.ro\/wp-content\/uploads\/2024\/09\/Oferta-vanzare-teren-12.09.2024.pdf\">Oferta vanzare teren 12.09.2024<\/a><\/li>\n<li><a href=\"https:\/\/comunagighera.ro\/wp-content\/uploads\/2024\/09\/ANUNT-COLECTIV-COMUNICARE-PRIN-PUBLICITATE-NR.-4607-din-16.09.2024.pdf\">ANUNT COLECTIV COMUNICARE PRIN PUBLICITATE NR. 4607 din 16.09.2024<\/a><\/li>\n<li><a href=\"https:\/\/comunagighera.ro\/wp-content\/uploads\/2024\/09\/ANUNT-COLECTIV-COMUNICARE-PRI-PUBLICITATE.pdf\">ANUNT COLECTIV COMUNICARE PRI PUBLICITATE NR. 4517 din 12.09.2024<\/a><\/li>\n<li><a href=\"https:\/\/comunagighera.ro\/wp-content\/uploads\/2024\/09\/Oferta-vanzare-teren-29.08.2024.pdf\">Oferta vanzare teren 29.08.2024<\/a><\/li>\n<li><a href=\"https:\/\/comunagighera.ro\/wp-content\/uploads\/2024\/07\/Oferta-vanzare-teren-17.07.2024.pdf\">Oferta vanzare teren 17.07.2024<\/a><\/li>\n<li><a href=\"https:\/\/comunagighera.ro\/wp-content\/uploads\/2024\/07\/Oferta-vanzare-teren-01.07.2024.pdf\">Oferta vanzare teren 01.07.2024<\/a><\/li>\n<li><a href=\"https:\/\/comunagighera.ro\/wp-content\/uploads\/2024\/06\/Oferta-vanzare-teren-13.06.2024.pdf\">Oferta vanzare teren 13.06.2024<\/a><\/li>\n<li><a href=\"https:\/\/comunagighera.ro\/wp-content\/uploads\/2024\/06\/Oferta-vanzare-teren-12.06.2024.pdf\">Oferta vanzare teren 12.06.2024<\/a><\/li>\n<li><a href=\"https:\/\/comunagighera.ro\/wp-content\/uploads\/2024\/06\/ANUNT-COMUNICARE-PRIN-PUBLICITATE-NR.-3088-din-12.06.2024.pdf\">ANUNT COMUNICARE PRIN PUBLICITATE NR. 3088 din 12.06.2024<\/a><\/li>\n<li><a href=\"https:\/\/comunagighera.ro\/wp-content\/uploads\/2024\/06\/ANUNT-COMUNICARE-PRIN-PUBLICITATE-NR.-3083-din-12.06.2024.pdf\">ANUNT COMUNICARE PRIN PUBLICITATE NR. 3083 din 12.06.2024<\/a><\/li>\n<li><a href=\"https:\/\/comunagighera.ro\/wp-content\/uploads\/2024\/06\/Oferta-vanzare-teren-03.06.2024.pdf\">Oferta vanzare teren 03.06.2024<\/a><\/li>\n<li><a href=\"https:\/\/comunagighera.ro\/wp-content\/uploads\/2024\/05\/Oferta-vanzare-teren-20.05.2024.pdf\">Oferta vanzare teren 20.05.2024<\/a><\/li>\n<li><a href=\"https:\/\/comunagighera.ro\/wp-content\/uploads\/2024\/05\/Oferta-vanzare-teren-30.04.2024.pdf\">Oferta vanzare teren 30.04.2024<\/a><\/li>\n<li><a href=\"https:\/\/comunagighera.ro\/wp-content\/uploads\/2024\/04\/ANUNT-INDIVIDUAL-COMUNICARE-PRIN-PUBLICITATE-BULUBASA-FANITA-COSTE-NR.2296-din-30.04.2024L.pdf\">ANUNT INDIVIDUAL COMUNICARE PRIN PUBLICITATE BULUBASA FANITA COSTE NR.2296 din 30.04.2024L<\/a><\/li>\n<li><a href=\"https:\/\/comunagighera.ro\/wp-content\/uploads\/2024\/03\/Oferta-vanzare-teren-01.03.2024.pdf\">Oferta vanzare teren 01.03.2024<\/a><\/li>\n<li><a href=\"https:\/\/comunagighera.ro\/wp-content\/uploads\/2024\/01\/ANUNT-DE-PARTICIPARE-la-licitatia-publica-cu-oferta-in-plic-inchis-din-ziua-de-09.02.2024.pdf\">ANUN\u0162 DE PARTICIPARE la licita\u0163ia public\u0103 cu oferta \u00een plic \u00eenchis din ziua de 09.02.2024<\/a><\/li>\n<\/ul>\n<p>2023<\/p>\n<ul>\n<li><a href=\"https:\/\/comunagighera.ro\/wp-content\/uploads\/2023\/12\/ANUNT-DE-PARTICIPARE-la-licitatia-publica-cu-oferta-in-plic-inchis-din-ziua-de-15.01.2024.pdf\">ANUN\u0162 DE PARTICIPARE la licita\u0163ia public\u0103 cu oferta \u00een plic \u00eenchis din ziua de 15.01.2024<\/a><\/li>\n<li><a href=\"https:\/\/comunagighera.ro\/wp-content\/uploads\/2023\/12\/Oferta-vanzare-teren-12.12.2023.pdf\">Oferta vanzare teren 12.12.2023<\/a><\/li>\n<li><a href=\"https:\/\/comunagighera.ro\/wp-content\/uploads\/2023\/10\/Oferta-vanzare-teren-27.10.2023.pdf\">Oferta vanzare teren 27.10.2023<\/a><\/li>\n<li><a href=\"https:\/\/comunagighera.ro\/wp-content\/uploads\/2023\/10\/Oferta-vanzare-teren-28.09.2023.pdf\">Oferta vanzare teren 28.09.2023<\/a><\/li>\n<li><a href=\"https:\/\/comunagighera.ro\/wp-content\/uploads\/2023\/09\/COMUNICAT-PNRR-DOTARI-SCOLARE.pdf\">COMUNICAT PNRR-DOT\u0102RI \u0218COLARE<\/a><\/li>\n<li><a href=\"https:\/\/comunagighera.ro\/wp-content\/uploads\/2023\/09\/Oferta-vanzare-teren-12.09.2023.pdf\">Oferta vanzare teren 12.09.2023<\/a><\/li>\n<li><a href=\"https:\/\/comunagighera.ro\/wp-content\/uploads\/2023\/06\/Oferta-vanzare-teren-20.06.2023.pdf\">Oferta vanzare teren 20.06.2023<\/a><\/li>\n<li><a href=\"https:\/\/comunagighera.ro\/wp-content\/uploads\/2023\/06\/Oferta-vanzare-teren-05.06.2023.pdf\">Oferta vanzare teren 05.06.2023<\/a><\/li>\n<li><a href=\"https:\/\/comunagighera.ro\/wp-content\/uploads\/2023\/05\/Anunt-ASFALTARE-DRUMURI-COMUNALE.pdf\">Anunt &#8211; ASFALTARE DRUMURI COMUNALE<\/a><\/li>\n<li><a href=\"https:\/\/comunagighera.ro\/wp-content\/uploads\/2023\/03\/Oferta-vanzare-teren-26.03.2023.pdf\">Oferta vanzare teren 26.03.2023<\/a><\/li>\n<li><a href=\"https:\/\/comunagighera.ro\/wp-content\/uploads\/2023\/02\/Oferta-vanzare-teren-23.02.2023-3.pdf\">Oferta vanzare teren 23.02.2023 (3)<\/a><\/li>\n<li><a href=\"https:\/\/comunagighera.ro\/wp-content\/uploads\/2023\/02\/Oferta-vanzare-teren-23.02.2023-2.pdf\">Oferta vanzare teren 23.02.2023 (2)<\/a><\/li>\n<li><a href=\"https:\/\/comunagighera.ro\/wp-content\/uploads\/2023\/02\/Oferta-vanzare-teren-23.02.2023-1.pdf\">Oferta vanzare teren 23.02.2023 (1)<\/a><\/li>\n<li><a href=\"https:\/\/comunagighera.ro\/wp-content\/uploads\/2023\/02\/Oferta-vanzare-teren-20.02.2023-2.pdf\">Oferta vanzare teren 20.02.2023 (2)<\/a><\/li>\n<li><a href=\"https:\/\/comunagighera.ro\/wp-content\/uploads\/2023\/02\/Oferta-vanzare-teren-20.02.2023-1.pdf\">Oferta vanzare teren 20.02.2023 (1)<\/a><\/li>\n<li><a href=\"https:\/\/comunagighera.ro\/wp-content\/uploads\/2023\/02\/Oferta-vanzare-teren-08.02.2023.pdf\">Oferta vanzare teren 08.02.2023<\/a><\/li>\n<li><a href=\"https:\/\/comunagighera.ro\/wp-content\/uploads\/2023\/02\/Proces-verbal-oferta-vanzare-03.02.2023.pdf\">Proces verbal oferta vanzare 03.02.2023<\/a><\/li>\n<li><a href=\"https:\/\/comunagighera.ro\/wp-content\/uploads\/2023\/02\/Proces-verbal-oferta-vanzare-30.01.2023.pdf\">Proces verbal oferta vanzare 30.01.2023<\/a><\/li>\n<li><a href=\"https:\/\/comunagighera.ro\/wp-content\/uploads\/2023\/01\/Oferta-vanzare-teren-03.01.2023-2.pdf\">Oferta vanzare teren 03.01.2023 (2)<\/a><\/li>\n<li><a href=\"https:\/\/comunagighera.ro\/wp-content\/uploads\/2023\/01\/Oferta-vanzare-teren-03.01.2023-1.pdf\">Oferta vanzare teren 03.01.2023 (1)<\/a><\/li>\n<li><a href=\"https:\/\/comunagighera.ro\/wp-content\/uploads\/2023\/01\/Oferta-vanzare-teren-03.01.2023.pdf\">Oferta vanzare teren 03.01.2023<\/a><\/li>\n<\/ul>\n<p>2022<\/p>\n<p><a href=\"https:\/\/comunagighera.ro\/wp-content\/uploads\/2022\/12\/Oferta-vanzare-teren-07.12.2022.pdf\">Oferta vanzare teren 07.12.2022<\/a><br \/>\n<a href=\"https:\/\/comunagighera.ro\/wp-content\/uploads\/2022\/11\/Oferta-vanzare-teren-08.11.20221.pdf\">Oferta vanzare teren 08.11.2022(1)<\/a><br \/>\n<a href=\"https:\/\/comunagighera.ro\/wp-content\/uploads\/2022\/11\/Oferta-vanzare-teren-08.11.2022-2.pdf\">Oferta vanzare teren 08.11.2022 (2)<\/a><br \/>\n<a href=\"https:\/\/comunagighera.ro\/wp-content\/uploads\/2022\/11\/Oferta-vanzare-teren-08.11.2022-3.pdf\">Oferta vanzare teren 08.11.2022 (3)<\/a><br \/>\n<a href=\"https:\/\/comunagighera.ro\/wp-content\/uploads\/2022\/03\/Raport-concurs-COMPARTIMENTUL-FOND-FUNCIAR.pdf\">Raport concurs &#8211; COMPARTIMENTUL FOND FUNCIAR<\/a><br \/>\n<a href=\"https:\/\/comunagighera.ro\/wp-content\/uploads\/2022\/02\/Anunt-recensamant.pdf\">Anunt privind inscrierea in lista candidatilor pentru personalul de recensamant in vederea prestarii serviciilor aferente RPL2021 in teritoriu<\/a><br \/>\n<a href=\"https:\/\/comunagighera.ro\/wp-content\/uploads\/2022\/02\/Anunt-concurs-recrutare-functionar-public-Compartimentul-FOND-FUNCIAR-01.02.2022.pdf\">Anunt concurs recrutare functionar public &#8211; Compartimentul FOND FUNCIAR 01.02.2022<\/a><\/p>\n<p>2021<\/p>\n<ul>\n<li><a href=\"https:\/\/comunagighera.ro\/wp-content\/uploads\/2021\/06\/Anunt-nr.-1968-din-28.05.2021.pdf\">Anunt nr. 1968 din 28.05.2021<\/a><\/li>\n<\/ul>\n<p>2020<\/p>\n<p><a href=\"https:\/\/comunagighera.ro\/wp-content\/uploads\/2020\/11\/Anunt-concurs.pdf\">Anunt concurs<\/a><br \/>\n<a href=\"https:\/\/comunagighera.ro\/wp-content\/uploads\/2020\/08\/Anunt-nr.-2759-din-05.08.2020.pdf\">Anunt nr. 2759 din 05.08.2020<\/a><br \/>\n<a href=\"https:\/\/comunagighera.ro\/wp-content\/uploads\/2020\/06\/Anunt-nr.-2101-din-10.06.2020-privind-depunerea-solicitarii-de-emitere-a-acordului-de-mediu.pdf\">Anunt nr. 2101 din 10.06.2020 privind depunerea solicitarii de emitere a acordului de mediu<\/a><br \/>\n<a href=\"https:\/\/comunagighera.ro\/wp-content\/uploads\/2020\/04\/Anunt-nr.-1399-din-15042020.pdf\">Anunt nr. 1399 din 15.04.2020<\/a><br \/>\n<a href=\"https:\/\/comunagighera.ro\/wp-content\/uploads\/2020\/01\/Anunt-nr.-76-din-13.01.2020.pdf\">Anunt nr. 76 din 13.01.2020<\/a><br \/>\n<a href=\"https:\/\/comunagighera.ro\/wp-content\/uploads\/2020\/08\/Proces-verbal-25.08.2020.pdf\">Proces verbal din 25.08.2020<\/a><br \/>\n<a href=\"https:\/\/comunagighera.ro\/wp-content\/uploads\/2020\/08\/Proces-verbal-nr.-31-din-14.08.2020.pdf\">Proces verbal nr. 31 din 14.08.2020<\/a><br \/>\n<a href=\"https:\/\/comunagighera.ro\/wp-content\/uploads\/2020\/08\/Proces-verbal-nr.-09-din-09.08.2020.pdf\">Proces verbal nr. 09 din 09.08.2020<\/a><br \/>\n<a href=\"https:\/\/comunagighera.ro\/wp-content\/uploads\/2020\/08\/Proces-verbal-nr.-10-din-09.08.2020.pdf\">Proces verbal nr. 10 din 09.08.2020<\/a><br \/>\n2019<br \/>\n<a href=\"https:\/\/comunagighera.ro\/wp-content\/uploads\/2019\/12\/Anunt-nr.8222-din-09.12.2019.pdf\">Anunt nr.8222 din 09.12.2019 &#8211; Extindere alimentare cu apa in Comuna Gighera sat Zaval, judetul Dolj<\/a><\/p>\n<p>2018<br \/>\n<a href=\"https:\/\/comunagighera.ro\/wp-content\/uploads\/2018\/04\/anunt_20180509.pdf\">Anunt licitatie publica 06.05.2018<\/a><\/p>\n","protected":false},"excerpt":{"rendered":"<p>2026 Oferta vanzare teren 14.04.2026 Oferta vanzare teren 31.03.2026 Oferta vanzare teren 23.02.2026 ANUNT COLECTIV COMUNICARE PRIN PUBLICITATE 19.02.2026 ANUNT COMUNICARE PRIN PUBLICITATE 17.02.2026 Oferta vanzare teren 12.02.2026 Oferta vanzare teren 20..01.2026 Oferta vanzare teren 20.01.2026 Oferta vanzare teren 13.01.2026 2025 Oferta vanzare teren ANUNT COLECTIV COMUNICARE PRIN PUBLICITATE 26.11.2025 Oferta vanzare teren 18.11.2025 Oferta &hellip; <a href=\"https:\/\/comunagighera.ro\/?page_id=193\" class=\"more-link\">Continue reading <span class=\"screen-reader-text\">Informatii de interes public, Anunturi<\/span> <span class=\"meta-nav\">&rarr;<\/span><\/a><\/p>\n","protected":false},"author":2,"featured_media":0,"parent":181,"menu_order":0,"comment_status":"closed","ping_status":"closed","template":"","meta":{"footnotes":""},"class_list":["post-193","page","type-page","status-publish","hentry"],"_links":{"self":[{"href":"https:\/\/comunagighera.ro\/index.php?rest_route=\/wp\/v2\/pages\/193","targetHints":{"allow":["GET"]}}],"collection":[{"href":"https:\/\/comunagighera.ro\/index.php?rest_route=\/wp\/v2\/pages"}],"about":[{"href":"https:\/\/comunagighera.ro\/index.php?rest_route=\/wp\/v2\/types\/page"}],"author":[{"embeddable":true,"href":"https:\/\/comunagighera.ro\/index.php?rest_route=\/wp\/v2\/users\/2"}],"replies":[{"embeddable":true,"href":"https:\/\/comunagighera.ro\/index.php?rest_route=%2Fwp%2Fv2%2Fcomments&post=193"}],"version-history":[{"count":100,"href":"https:\/\/comunagighera.ro\/index.php?rest_route=\/wp\/v2\/pages\/193\/revisions"}],"predecessor-version":[{"id":2136,"href":"https:\/\/comunagighera.ro\/index.php?rest_route=\/wp\/v2\/pages\/193\/revisions\/2136"}],"up":[{"embeddable":true,"href":"https:\/\/comunagighera.ro\/index.php?rest_route=\/wp\/v2\/pages\/181"}],"wp:attachment":[{"href":"https:\/\/comunagighera.ro\/index.php?rest_route=%2Fwp%2Fv2%2Fmedia&parent=193"}],"curies":[{"name":"wp","href":"https:\/\/api.w.org\/{rel}","templated":true}]}}